{"id":2638,"date":"2022-03-24T07:34:04","date_gmt":"2022-03-24T06:34:04","guid":{"rendered":"https:\/\/preview.gidimeccanica.com\/?page_id=2638"},"modified":"2022-04-05T16:09:40","modified_gmt":"2022-04-05T14:09:40","slug":"privacy-nl","status":"publish","type":"page","link":"https:\/\/preview.gidimeccanica.com\/it\/privacy-nl\/","title":{"rendered":"Privacy"},"content":{"rendered":"\t\t<div data-elementor-type=\"wp-page\" data-elementor-id=\"2638\" class=\"elementor elementor-2638\" data-elementor-post-type=\"page\">\n\t\t\t\t\t\t<section class=\"elementor-section elementor-top-section elementor-element elementor-element-28eaa0f elementor-section-boxed elementor-section-height-default elementor-section-height-default\" data-id=\"28eaa0f\" data-element_type=\"section\" data-e-type=\"section\">\n\t\t\t\t\t\t<div class=\"elementor-container elementor-column-gap-no\">\n\t\t\t\t\t<div class=\"elementor-column elementor-col-100 elementor-top-column elementor-element elementor-element-840e75d\" data-id=\"840e75d\" data-element_type=\"column\" data-e-type=\"column\">\n\t\t\t<div class=\"elementor-widget-wrap elementor-element-populated\">\n\t\t\t\t\t\t<div class=\"elementor-element elementor-element-1d8ded6 elementor-widget elementor-widget-heading\" data-id=\"1d8ded6\" data-element_type=\"widget\" data-e-type=\"widget\" data-widget_type=\"heading.default\">\n\t\t\t\t\t<h1 class=\"elementor-heading-title elementor-size-default\">INFORMATIVA SUL TRATTAMENTO DEI DATI PERSONALI<\/h1>\t\t\t\t<\/div>\n\t\t\t\t\t<\/div>\n\t\t<\/div>\n\t\t\t\t\t<\/div>\n\t\t<\/section>\n\t\t\t\t<section class=\"elementor-section elementor-top-section elementor-element elementor-element-50bc199 elementor-section-boxed elementor-section-height-default elementor-section-height-default\" data-id=\"50bc199\" data-element_type=\"section\" data-e-type=\"section\">\n\t\t\t\t\t\t<div class=\"elementor-container elementor-column-gap-no\">\n\t\t\t\t\t<div class=\"elementor-column elementor-col-100 elementor-top-column elementor-element elementor-element-def5501\" data-id=\"def5501\" data-element_type=\"column\" data-e-type=\"column\">\n\t\t\t<div class=\"elementor-widget-wrap elementor-element-populated\">\n\t\t\t\t\t\t<div class=\"elementor-element elementor-element-91805a3 elementor-widget elementor-widget-text-editor\" data-id=\"91805a3\" data-element_type=\"widget\" data-e-type=\"widget\" data-widget_type=\"text-editor.default\">\n\t\t\t\t\t\t\t\t\tGi.Di. Meccanica S.p.A., con sede in Via Toniolo 29, Vazzola (TV), info@gidimeccanica.com, in qualit\u00e0 di titolare del trattamento dei dati personali (di seguito \u201cTitolare\u201d), rilascia la presente informativa all\u2019Interessato nel rispetto della disciplina europea e italiana in materia di protezione dei dati personali. <br><br>\nLa presente informativa integra la policy di navigazione del sito web, allo scopo di illustrare all\u2019Utente come il Titolare tratter\u00e0 nello specifico i dati inseriti nel presente form di contatto: si invita pertanto a prendere visione della nostra <a href=\"\/privacy\" style=\"color:#fa0014;\">privacy policy<\/a>. <br><br>\n<b>Finalit\u00e0 e base giuridica del trattamento<\/b><br>\nSe si iscriver\u00e0 al presente servizio, Gi.Di. Meccanica S.p.A. tratter\u00e0 i dati personali raccolti per inviare via e-mail la newsletter contenente informazioni sui propri prodotti o servizi, nonch\u00e9 promozioni o inviti ad eventi. La base giuridica consiste nella necessit\u00e0 per il perseguimento della suddetta finalit\u00e0. <br><br>\n<b>Periodo di conservazione dei dati<\/b><br>\nIl Titolare tratter\u00e0 i dati sino alla cessazione del servizio o all\u2019eventuale richiesta di disiscrizione, se precedente. <br><br>\n<b>Natura del conferimento dei dati e conseguenze in caso di rifiuto<\/b><br>\nIl conferimento dei dati \u00e8 facoltativo, ma il rifiuto di comunicarli comporta l\u2019impossibilit\u00e0 di iscriversi al presente servizio. <br><br>\n<b>Ambito di comunicazione dei dati e categorie di destinatari<\/b><br>\nIl Titolare non diffonder\u00e0 i dati, che saranno comunicati esclusivamente a figure interne autorizzate al trattamento in ragione delle rispettive mansioni, nonch\u00e9 a professionisti, societ\u00e0 o altri terzi che svolgono attivit\u00e0 in outsourcing e che sono quindi nominati responsabili del trattamento con apposito contratto o altro atto giuridico. <br><br>\n<b>Trasferimento dati verso un Paese terzo e\/o un\u2019organizzazione internazionale<\/b><br>\nI Suoi dati personali non saranno oggetto di trasferimento presso Paesi Terzi non europei. Il Titolare del trattamento si riserva per\u00f2 la possibilit\u00e0 di utilizzare servizi in cloud: in tal caso i fornitori di tali servizi saranno selezionati tra coloro che forniranno garanzie adeguate, cos\u00ec come previsto dall\u2019art. 46 del GDPR. <br><br>\n\n<b>Diritti degli interessati <\/b><br>\nL\u2019Interessato ha il diritto di effettuare la disiscrizione dal presente servizio in qualsiasi momento e potr\u00e0 altres\u00ec chiedere al Titolare di accedere ai propri dati personali e di rettificarli se inesatti, di cancellarli o limitarne il trattamento se ne ricorrono i presupposti, nonch\u00e9 di ottenerne la portabilit\u00e0.\nPer esercitare i propri diritti, l\u2019Interessato pu\u00f2 utilizzare il modulo disponibile qui e inoltrarlo al Titolare al seguente recapito: info@gidimeccanica.com. L\u2019Interessato ha anche il diritto di proporre reclamo all\u2019autorit\u00e0 di controllo competente in materia, Garante per la protezione dei dati personali (www.garanteprivacy.it).\n\t\t\t\t\t\t\t\t<\/div>\n\t\t\t\t\t<\/div>\n\t\t<\/div>\n\t\t\t\t\t<\/div>\n\t\t<\/section>\n\t\t\t\t<\/div>\n\t\t","protected":false},"excerpt":{"rendered":"<p>INFORMATIVA SUL TRATTAMENTO DEI DATI PERSONALI Gi.Di. Meccanica S.p.A., con sede in Via Toniolo 29, Vazzola (TV), info@gidimeccanica.com, in qualit\u00e0 di titolare del trattamento dei dati personali (di seguito \u201cTitolare\u201d), rilascia la presente informativa all\u2019Interessato nel rispetto della disciplina europea e italiana in materia di protezione dei dati personali. La presente informativa integra la policy [&hellip;]<\/p>\n","protected":false},"author":1,"featured_media":0,"parent":0,"menu_order":0,"comment_status":"closed","ping_status":"closed","template":"elementor_header_footer","meta":{"footnotes":""},"class_list":["post-2638","page","type-page","status-publish","hentry"],"_links":{"self":[{"href":"https:\/\/preview.gidimeccanica.com\/it\/wp-json\/wp\/v2\/pages\/2638","targetHints":{"allow":["GET"]}}],"collection":[{"href":"https:\/\/preview.gidimeccanica.com\/it\/wp-json\/wp\/v2\/pages"}],"about":[{"href":"https:\/\/preview.gidimeccanica.com\/it\/wp-json\/wp\/v2\/types\/page"}],"author":[{"embeddable":true,"href":"https:\/\/preview.gidimeccanica.com\/it\/wp-json\/wp\/v2\/users\/1"}],"replies":[{"embeddable":true,"href":"https:\/\/preview.gidimeccanica.com\/it\/wp-json\/wp\/v2\/comments?post=2638"}],"version-history":[{"count":0,"href":"https:\/\/preview.gidimeccanica.com\/it\/wp-json\/wp\/v2\/pages\/2638\/revisions"}],"wp:attachment":[{"href":"https:\/\/preview.gidimeccanica.com\/it\/wp-json\/wp\/v2\/media?parent=2638"}],"curies":[{"name":"wp","href":"https:\/\/api.w.org\/{rel}","templated":true}]}}