{"id":2635,"date":"2022-03-24T07:32:58","date_gmt":"2022-03-24T06:32:58","guid":{"rendered":"https:\/\/preview.gidimeccanica.com\/?page_id=2635"},"modified":"2026-01-27T14:47:58","modified_gmt":"2026-01-27T13:47:58","slug":"privacy-job","status":"publish","type":"page","link":"https:\/\/preview.gidimeccanica.com\/it\/privacy-job\/","title":{"rendered":"Privacy job"},"content":{"rendered":"\t\t<div data-elementor-type=\"wp-page\" data-elementor-id=\"2635\" class=\"elementor elementor-2635\" data-elementor-post-type=\"page\">\n\t\t\t\t\t\t<section class=\"elementor-section elementor-top-section elementor-element elementor-element-04e79ec elementor-section-boxed elementor-section-height-default elementor-section-height-default\" data-id=\"04e79ec\" data-element_type=\"section\" data-e-type=\"section\">\n\t\t\t\t\t\t<div class=\"elementor-container elementor-column-gap-no\">\n\t\t\t\t\t<div class=\"elementor-column elementor-col-100 elementor-top-column elementor-element elementor-element-dcecb0b\" data-id=\"dcecb0b\" data-element_type=\"column\" data-e-type=\"column\">\n\t\t\t<div class=\"elementor-widget-wrap elementor-element-populated\">\n\t\t\t\t\t\t<div class=\"elementor-element elementor-element-6e293b6 elementor-widget elementor-widget-heading\" data-id=\"6e293b6\" data-element_type=\"widget\" data-e-type=\"widget\" data-widget_type=\"heading.default\">\n\t\t\t\t\t<h1 class=\"elementor-heading-title elementor-size-default\">INFORMAZIONI SUL TRATTAMENTO DEI DATI PERSONALI PER CANDIDATI<\/h1>\t\t\t\t<\/div>\n\t\t\t\t\t<\/div>\n\t\t<\/div>\n\t\t\t\t\t<\/div>\n\t\t<\/section>\n\t\t\t\t<section class=\"elementor-section elementor-top-section elementor-element elementor-element-19471d3 elementor-section-boxed elementor-section-height-default elementor-section-height-default\" data-id=\"19471d3\" data-element_type=\"section\" data-e-type=\"section\">\n\t\t\t\t\t\t<div class=\"elementor-container elementor-column-gap-no\">\n\t\t\t\t\t<div class=\"elementor-column elementor-col-100 elementor-top-column elementor-element elementor-element-3282b38\" data-id=\"3282b38\" data-element_type=\"column\" data-e-type=\"column\">\n\t\t\t<div class=\"elementor-widget-wrap elementor-element-populated\">\n\t\t\t\t\t\t<div class=\"elementor-element elementor-element-ed77cb8 elementor-widget elementor-widget-text-editor\" data-id=\"ed77cb8\" data-element_type=\"widget\" data-e-type=\"widget\" data-widget_type=\"text-editor.default\">\n\t\t\t\t\t\t\t\t\t<p>Le informazioni che seguono sono destinate a persone fisiche, inclusi professionisti, titolari di imprese individuali e rappresentanti\/referenti di societ\u00e0, enti, associazioni e fondazioni.<\/p><p><strong>Identit\u00e0 e dati di contatto del Titolare del trattamento:<\/strong><br \/>Gi. Di. Meccanica S.p.A., di seguito anche \u201cGi.Di.\u201d o \u201cTitolare\u201d, con sede legale in via Toniolo, 29 \u2013 31028 Vazzola (TV), e contattabile all\u2019indirizzo e-mail info@gidimeccanica.com o al numero di telefono 0438 441603.<\/p><p><strong>Categorie di dati e loro fonte:<\/strong><br \/>Gi.Di. tratta dati personali di natura comune (es. dati anagrafici, dati di contatto, dati relativi all\u2019attivit\u00e0 lavorativa, istruzione e cultura e dati relativi all\u2019immagine), particolare (es. dati relativi alla salute): queste informazioni possono essere raccolte presso il soggetto a cui si riferiscono e\/o presso soggetti terzi.<\/p><ul><li><strong>A. Finalit\u00e0 e basi giuridiche: <\/strong>Gestione della fase di ricerca e selezione: i dati personali vengono trattati per tutte le necessit\u00e0 correlate alla verifica dei profili di interesse.<\/li><li><strong>B. Scopi difensivi<\/strong>: il Titolare pu\u00f2 avere necessit\u00e0 di trattare dati personali per la gestione di contestazioni e contenziosi stragiudiziali o giudiziali.<\/li><\/ul><p>\u00a0<\/p><table><tbody><tr><th>Finalit\u00e0<\/th><th>Base giuridica (dati comuni)<\/th><th>Base giuridica (dati particolari)<\/th><\/tr><tr><td>A.<\/td><td>Esecuzione di misure precontrattuali.<\/td><td>Assolvimento di obbligo in materia di diritto del lavoro.<\/td><\/tr><tr><td>B.<\/td><td>Legittimo interesse del Titolare ad accertare, esercitare o difendere un diritto.<\/td><td>Accertare, esercitare o difendere un diritto.<\/td><\/tr><\/tbody><\/table><p><strong><br \/>Periodo di conservazione:<\/strong><br \/>Il Titolare non diffonder\u00e0 i dati, ma intende comunicarli a figure interne autorizzate al trattamento in ragione delle rispettive mansioni, nonch\u00e9 a professionisti, agenzie o societ\u00e0 di servizi (compresi quelli coinvolti nella ricerca del personale), consulenti del lavoro e medico del lavoro.<br \/>Tali destinatari, ove dovessero trattare dati per conto del Titolare, saranno nominati responsabili del trattamento con apposito contratto o altro atto giuridico.<\/p><table><tbody><tr><th>Finalit\u00e0<\/th><th>Tempo di conservazione<\/th><\/tr><tr><td>A.<\/td><td>24 mesi dalla raccolta.<\/td><\/tr><tr><td>B.<\/td><td>10 anni dalla risoluzione definitiva della controversia.<\/td><\/tr><\/tbody><\/table><p><strong><br \/>Natura del conferimento e conseguenze in caso di rifiuto:<\/strong><\/p><table><tbody><tr><th>Finalit\u00e0<\/th><th>Natura<\/th><th>Conseguenze<\/th><\/tr><tr><td>A.<\/td><td>Necessario<\/td><td>Impossibilit\u00e0 per l\u2019interessato di presentare la propria candidatura e per il Titolare di gestire la selezione.<\/td><\/tr><tr><td>B.<\/td><td>Necessario<\/td><td>Impossibilit\u00e0 di gestire il contenzioso.<\/td><\/tr><\/tbody><\/table><p><strong><br \/>Ambito di comunicazione:<\/strong><br \/>I dati sono trattati dal personale interno autorizzato per specifiche mansioni e vengono comunicati all\u2019esterno in base alle seguenti regole:<\/p><table><tbody><tr><th>Finalit\u00e0<\/th><th>Categorie di destinatari esterni<\/th><\/tr><tr><td>A.<\/td><td>Societ\u00e0 appartenenti al medesimo gruppo imprenditoriale, medico del lavoro, consulente del lavoro, agenzia di selezione del personale, agenzie del lavoro.<\/td><\/tr><tr><td>B.<\/td><td>Studi legali; societ\u00e0 di recupero o cessione del credito; Autorit\u00e0 giudiziaria.<\/td><\/tr><\/tbody><\/table><p>Dal momento che i dati sono trattati anche con strumenti informatici, potrebbero essere altres\u00ec visibili anche ai soggetti che effettuano assistenza\/manutenzioni su tali sistemi.<\/p><p><strong><br \/>Trasferimento dati in un Paese terzo o un\u2019organizzazione internazionale:<br \/><\/strong>il Titolare non effettua trasferimenti di dati personali al di fuori dello Spazio Economico Europeo.<\/p><p><strong><br \/>Diritti degli interessati:<br \/><\/strong>al soggetto a cui si riferiscono i dati personali sono riconosciuti i seguenti diritti:<\/p><ul><li><strong>Accesso<\/strong>: \u00e8 possibile sapere se sia in corso un trattamento dei propri dati personali e in caso affermativo ottenere agli stessi e richiederne una copia.<\/li><li><strong>Rettifica<\/strong>: \u00e8 possibile chiedere l\u2019aggiornamento dei propri dati personali, la loro correzione (se inesatti) e l\u2019integrazione di quelli incompleti.<\/li><li><strong>Cancellazione<\/strong>: \u00e8 possibile ottenere la cancellazione dei propri dati personali al ricorrere di determinati presupposti (per maggiori informazioni contattare il Titolare).<\/li><li><strong>Limitazione<\/strong>: \u00e8 possibile chiedere che i dati vengano contrassegnati, cos\u00ec da limitarne in futuro il trattamento, al ricorrere di determinati presupposti (per maggiori informazioni contattare il Titolare).<\/li><li><strong>Opposizione<\/strong>: \u00e8 possibile opporsi al trattamento dei dati personali, per motivi connessi alla propria situazione particolare, laddove il trattamento sia fondato sul legittimo interesse oppure sia necessario per l\u2019esecuzione di un compito di interesse pubblico o connesso all\u2019esercizio di pubblici poteri di cui \u00e8 investito il Titolare.<\/li><li><strong>Portabilit\u00e0<\/strong>: \u00e8 possibile ricevere in un formato strutturato i dati personali forniti al Titolare e di trasmetterti a un altro titolare del trattamento qualora il trattamento si basi sul consenso o sul contratto e sia effettuato con mezzi automatizzati.<\/li><li><strong>Revoca del consenso<\/strong>: \u00e8 possibile revocare il consenso per le finalit\u00e0 che lo hanno richiesto, ferma restando la liceit\u00e0 del trattamento effettuato fino a quel momento. I diritti in concreto esercitabili rispetto alle attivit\u00e0 di trattamento effettuate sono:<br \/><br \/><\/li><\/ul><table><tbody><tr><th>Finalit\u00e0<\/th><th>Accesso<\/th><th>Rettifica<\/th><th>Cancellazione<\/th><th>Limitazione<\/th><th>Opposizione<\/th><th>Portabilit\u00e0<\/th><th>Revoca consenso<\/th><\/tr><tr><td>A.<\/td><td>X<\/td><td>X<\/td><td>X<\/td><td>X<\/td><td>\u00a0<\/td><td>\u00a0<\/td><td>\u00a0<\/td><\/tr><tr><td>B.<\/td><td>X<\/td><td>X<\/td><td>X<\/td><td>X<\/td><td>X<\/td><td>\u00a0<\/td><td>\u00a0<\/td><\/tr><\/tbody><\/table><p><br \/>Per esercitare i sopra esposti diritti \u00e8 possibile utilizzare il modulo disponibile al link <a href=\"https:\/\/www.garanteprivacy.it\/web\/guest\/home\/docweb\/-\/docweb-display\/docweb\/1089924\">https:\/\/www.garanteprivacy.it\/web\/guest\/home\/docweb\/-\/docweb-display\/docweb\/1089924<\/a> e inoltrarlo al seguente recapito: info@gidimeccanica.com. L\u2019interessato potr\u00e0 richiedere allo stesso recapito di ottenere maggiori dettagli in relazione alle informazioni sopraesposte (es. test di bilanciamento del legittimo interesse o l\u2019elenco dei responsabili del trattamento).<\/p><p>\u00c8 possibile proporre reclamo ad una Autorit\u00e0 di controllo: per l\u2019Italia, Autorit\u00e0 Garante per la Protezione dei Dati Personali (<a href=\"http:\/\/www.garanteprivacy.it\">www.garanteprivacy.it<\/a>).<\/p>\t\t\t\t\t\t\t\t<\/div>\n\t\t\t\t\t<\/div>\n\t\t<\/div>\n\t\t\t\t\t<\/div>\n\t\t<\/section>\n\t\t\t\t<\/div>\n\t\t","protected":false},"excerpt":{"rendered":"<p>INFORMAZIONI SUL TRATTAMENTO DEI DATI PERSONALI PER CANDIDATI Le informazioni che seguono sono destinate a persone fisiche, inclusi professionisti, titolari di imprese individuali e rappresentanti\/referenti di societ\u00e0, enti, associazioni e fondazioni. Identit\u00e0 e dati di contatto del Titolare del trattamento:Gi. Di. Meccanica S.p.A., di seguito anche \u201cGi.Di.\u201d o \u201cTitolare\u201d, con sede legale in via Toniolo, [&hellip;]<\/p>\n","protected":false},"author":1,"featured_media":0,"parent":0,"menu_order":0,"comment_status":"closed","ping_status":"closed","template":"elementor_header_footer","meta":{"footnotes":""},"class_list":["post-2635","page","type-page","status-publish","hentry"],"_links":{"self":[{"href":"https:\/\/preview.gidimeccanica.com\/it\/wp-json\/wp\/v2\/pages\/2635","targetHints":{"allow":["GET"]}}],"collection":[{"href":"https:\/\/preview.gidimeccanica.com\/it\/wp-json\/wp\/v2\/pages"}],"about":[{"href":"https:\/\/preview.gidimeccanica.com\/it\/wp-json\/wp\/v2\/types\/page"}],"author":[{"embeddable":true,"href":"https:\/\/preview.gidimeccanica.com\/it\/wp-json\/wp\/v2\/users\/1"}],"replies":[{"embeddable":true,"href":"https:\/\/preview.gidimeccanica.com\/it\/wp-json\/wp\/v2\/comments?post=2635"}],"version-history":[{"count":13,"href":"https:\/\/preview.gidimeccanica.com\/it\/wp-json\/wp\/v2\/pages\/2635\/revisions"}],"predecessor-version":[{"id":6804,"href":"https:\/\/preview.gidimeccanica.com\/it\/wp-json\/wp\/v2\/pages\/2635\/revisions\/6804"}],"wp:attachment":[{"href":"https:\/\/preview.gidimeccanica.com\/it\/wp-json\/wp\/v2\/media?parent=2635"}],"curies":[{"name":"wp","href":"https:\/\/api.w.org\/{rel}","templated":true}]}}